{"id":730,"date":"2018-07-26T10:40:07","date_gmt":"2018-07-26T13:40:07","guid":{"rendered":"https:\/\/ismgd228-ers.infd.edu.ar\/sitio\/?page_id=730"},"modified":"2023-09-20T20:16:30","modified_gmt":"2023-09-20T23:16:30","slug":"ingresantes","status":"publish","type":"page","link":"https:\/\/ismgd228-ers.infd.edu.ar\/sitio\/ingresantes\/","title":{"rendered":"Ingresantes 2024"},"content":{"rendered":"<h4>&nbsp;<\/h4>\n<p><img decoding=\"async\" loading=\"lazy\" class=\"aligncenter\" src=\"https:\/\/ismgd228-ers.infd.edu.ar\/sitio\/wp-content\/uploads\/2023\/07\/a2b63dae-757e-4b13-a590-17bfdbda7a3c.jpg\" alt=\"Icono del sitio\" width=\"185\" height=\"149\"><\/p>\n<h4 style=\"text-align: center;\">INSTITUTO SUPERIOR MAR\u00cdA GRANDE D-228<\/h4>\n<p style=\"text-align: center;\">38 a\u00f1os dedicados a la formaci\u00f3n Docente<\/p>\n<h4><a href=\"https:\/\/docs.google.com\/forms\/d\/e\/1FAIpQLScp4nTP4NnXPUYZTRO9YyWQtZKhLysl69EJDScM5rUR2l31sQ\/viewform?vc=0&amp;c=0&amp;w=1&amp;flr=0\">Formulario de Preinscripci\u00f3n A\u00f1o 2024<\/a><\/h4>\n<h4>Requisitos de inscripci\u00f3n<\/h4>\n<ul>\n<li>Copia autenticada del T\u00edtulo Secundario o constancia de T\u00edtulo en tr\u00e1mite<\/li>\n<li>Fotocopia de la Partida de Nacimiento<\/li>\n<li>Fotocopia de DNI<\/li>\n<li>Constancia de CUIL<\/li>\n<li>2 fotos carnet (4&#215;4)<\/li>\n<li>Completar el formulario de inscripci\u00f3n<\/li>\n<li>Comprobante de pago de la matr\u00edcula<\/li>\n<\/ul>\n\n\n<p style=\"font-size:26px\"><strong>Solicitud de equivalencias<\/strong><\/p>\n\n\n\n<p>La siguiente planilla deber\u00e1 ser entregada por cada materia que desee homologar. La misma debe estar acompa\u00f1ada del programa autenticado y del anal\u00edtico donde conste la aprobaci\u00f3n de dicha materia. Plazo de entrega: <\/p>\n\n\n\n<div class=\"wp-block-buttons is-horizontal is-content-justification-center is-layout-flex wp-container-1\">\n<div class=\"wp-block-button\"><a class=\"wp-block-button__link has-text-color has-background wp-element-button\" href=\"https:\/\/drive.google.com\/file\/d\/1wxn1GeGtAsdHQZwGLXrOP3jnX3re--X1\/view?usp=sharing\" style=\"border-radius:2px;color:#fffffa;background-color:#ba0c49\" target=\"_blank\" rel=\"noreferrer noopener\">Descargar<\/a><\/div>\n<\/div>\n\n\n\n<p><\/p>\n","protected":false},"excerpt":{"rendered":"<p>&nbsp; INSTITUTO SUPERIOR MAR\u00cdA GRANDE D-228 38 a\u00f1os dedicados a la formaci\u00f3n Docente Formulario de Preinscripci\u00f3n A\u00f1o 2024 Requisitos de inscripci\u00f3n Copia autenticada del T\u00edtulo Secundario o constancia de T\u00edtulo en tr\u00e1mite Fotocopia de la Partida de Nacimiento Fotocopia de DNI Constancia de CUIL 2 fotos carnet (4&#215;4) Completar el formulario de inscripci\u00f3n Comprobante de &#8230; <a title=\"Ingresantes 2024\" class=\"read-more\" href=\"https:\/\/ismgd228-ers.infd.edu.ar\/sitio\/ingresantes\/\" aria-label=\"More on Ingresantes 2024\">[+]<\/a><\/p>\n","protected":false},"author":6,"featured_media":367,"parent":0,"menu_order":0,"comment_status":"closed","ping_status":"closed","template":"","meta":[],"acf":[],"_links":{"self":[{"href":"https:\/\/ismgd228-ers.infd.edu.ar\/sitio\/wp-json\/wp\/v2\/pages\/730"}],"collection":[{"href":"https:\/\/ismgd228-ers.infd.edu.ar\/sitio\/wp-json\/wp\/v2\/pages"}],"about":[{"href":"https:\/\/ismgd228-ers.infd.edu.ar\/sitio\/wp-json\/wp\/v2\/types\/page"}],"author":[{"embeddable":true,"href":"https:\/\/ismgd228-ers.infd.edu.ar\/sitio\/wp-json\/wp\/v2\/users\/6"}],"replies":[{"embeddable":true,"href":"https:\/\/ismgd228-ers.infd.edu.ar\/sitio\/wp-json\/wp\/v2\/comments?post=730"}],"version-history":[{"count":11,"href":"https:\/\/ismgd228-ers.infd.edu.ar\/sitio\/wp-json\/wp\/v2\/pages\/730\/revisions"}],"predecessor-version":[{"id":1210,"href":"https:\/\/ismgd228-ers.infd.edu.ar\/sitio\/wp-json\/wp\/v2\/pages\/730\/revisions\/1210"}],"wp:featuredmedia":[{"embeddable":true,"href":"https:\/\/ismgd228-ers.infd.edu.ar\/sitio\/wp-json\/wp\/v2\/media\/367"}],"wp:attachment":[{"href":"https:\/\/ismgd228-ers.infd.edu.ar\/sitio\/wp-json\/wp\/v2\/media?parent=730"}],"curies":[{"name":"wp","href":"https:\/\/api.w.org\/{rel}","templated":true}]}}