{"id":685,"date":"2018-07-25T15:06:42","date_gmt":"2018-07-25T18:06:42","guid":{"rendered":"https:\/\/ismgd228-ers.infd.edu.ar\/sitio\/?page_id=685"},"modified":"2023-09-20T18:17:37","modified_gmt":"2023-09-20T21:17:37","slug":"autoridades","status":"publish","type":"page","link":"https:\/\/ismgd228-ers.infd.edu.ar\/sitio\/institucional\/autoridades\/","title":{"rendered":"Autoridades"},"content":{"rendered":"\n<h4 class=\"wp-block-heading\"><span data-mce-mark=\"1\"><strong>RECTOR&nbsp;<\/strong><\/span><\/h4>\n\n\n\n<p><em>Prof. Moretto,, Leonardo Gabriel<\/em><\/p>\n\n\n\n<p>Tel:&nbsp; 343 4559520<\/p>\n\n\n\n<h4 class=\"wp-block-heading\"><span data-mce-mark=\"1\"><strong>SECRETARIA<\/strong><\/span><\/h4>\n\n\n\n<p><em>Prof. Barbiero Lilian&nbsp;<\/em><\/p>\n\n\n\n<p>Tel: 343 468 0338<\/p>\n\n\n\n<h4 class=\"wp-block-heading\"><span data-mce-mark=\"1\"><strong>SECRETARIO ACAD\u00c9MICO<\/strong><\/span><\/h4>\n\n\n\n<p><em>Prof. \u00a0Gilles Edgar<\/em><\/p>\n\n\n\n<p>Tel: <\/p>\n\n\n\n<h4 class=\"wp-block-heading\">PRECEPTORA<\/h4>\n\n\n\n<p><em>Prof. Feltes Magda<\/em><\/p>\n\n\n\n<p>Tel: 343 531 8670<\/p>\n\n\n\n<h4 class=\"wp-block-heading\"><strong>COORDINADORA DE PR\u00c1CTICAS<\/strong><\/h4>\n\n\n\n<p><em>Prof. Rodr\u00edguez&nbsp;Ver\u00f3nica<\/em><\/p>\n\n\n\n<p>Tel: 343 473 4967<\/p>\n\n\n\n<h4 class=\"wp-block-heading\"><strong>CONSEJO ACAD\u00c9MICO INSTITUCIONAL<\/strong><\/h4>\n\n\n\n<p>Prof. Ledesma Carlos<\/p>\n\n\n\n<p>Prof. Gilles Edgar<\/p>\n\n\n\n<p>Prof. Rodr\u00edguez&nbsp;Ver\u00f3nica<\/p>\n","protected":false},"excerpt":{"rendered":"<p>RECTOR&nbsp; Prof. Moretto,, Leonardo Gabriel Tel:&nbsp; 343 4559520 SECRETARIA Prof. Barbiero Lilian&nbsp; Tel: 343 468 0338 SECRETARIO ACAD\u00c9MICO Prof. \u00a0Gilles Edgar Tel: PRECEPTORA Prof. Feltes Magda Tel: 343 531 8670 COORDINADORA DE PR\u00c1CTICAS Prof. Rodr\u00edguez&nbsp;Ver\u00f3nica Tel: 343 473 4967 CONSEJO ACAD\u00c9MICO INSTITUCIONAL Prof. Ledesma Carlos Prof. Gilles Edgar Prof. Rodr\u00edguez&nbsp;Ver\u00f3nica<\/p>\n","protected":false},"author":6,"featured_media":0,"parent":683,"menu_order":0,"comment_status":"closed","ping_status":"closed","template":"","meta":[],"acf":[],"_links":{"self":[{"href":"https:\/\/ismgd228-ers.infd.edu.ar\/sitio\/wp-json\/wp\/v2\/pages\/685"}],"collection":[{"href":"https:\/\/ismgd228-ers.infd.edu.ar\/sitio\/wp-json\/wp\/v2\/pages"}],"about":[{"href":"https:\/\/ismgd228-ers.infd.edu.ar\/sitio\/wp-json\/wp\/v2\/types\/page"}],"author":[{"embeddable":true,"href":"https:\/\/ismgd228-ers.infd.edu.ar\/sitio\/wp-json\/wp\/v2\/users\/6"}],"replies":[{"embeddable":true,"href":"https:\/\/ismgd228-ers.infd.edu.ar\/sitio\/wp-json\/wp\/v2\/comments?post=685"}],"version-history":[{"count":18,"href":"https:\/\/ismgd228-ers.infd.edu.ar\/sitio\/wp-json\/wp\/v2\/pages\/685\/revisions"}],"predecessor-version":[{"id":1188,"href":"https:\/\/ismgd228-ers.infd.edu.ar\/sitio\/wp-json\/wp\/v2\/pages\/685\/revisions\/1188"}],"up":[{"embeddable":true,"href":"https:\/\/ismgd228-ers.infd.edu.ar\/sitio\/wp-json\/wp\/v2\/pages\/683"}],"wp:attachment":[{"href":"https:\/\/ismgd228-ers.infd.edu.ar\/sitio\/wp-json\/wp\/v2\/media?parent=685"}],"curies":[{"name":"wp","href":"https:\/\/api.w.org\/{rel}","templated":true}]}}