{"id":683,"date":"2018-07-25T15:06:14","date_gmt":"2018-07-25T18:06:14","guid":{"rendered":"https:\/\/ismgd228-ers.infd.edu.ar\/sitio\/?page_id=683"},"modified":"2023-04-30T10:52:15","modified_gmt":"2023-04-30T13:52:15","slug":"institucional","status":"publish","type":"page","link":"https:\/\/ismgd228-ers.infd.edu.ar\/sitio\/institucional\/","title":{"rendered":"El Instituto"},"content":{"rendered":"\n<h6 class=\"wp-block-heading\"><strong>Nuestros or\u00edgenes<\/strong><\/h6>\n\n\n\n<figure class=\"wp-block-image is-style-default\"><img decoding=\"async\" src=\"https:\/\/static.wixstatic.com\/media\/16d62a_7cd26801df9048bfb66c71cbf01cf5ad~mv2.jpg\/v1\/fill\/w_145,h_143,al_c,q_80,usm_0.66_1.00_0.01,enc_auto\/16d62a_7cd26801df9048bfb66c71cbf01cf5ad~mv2.jpg\" alt=\"\"\/><\/figure>\n\n\n\n<p>El Instituto Mar\u00eda Grande nace\u00a0el 4 de mayo de 1956 como instituci\u00f3n de Nivel Secundario respondiendo a\u00a0las necesidades de la poblaci\u00f3n estudiantil de la ciudad, y a partir de la iniciativa de un grupo de padres y vecinos de Mar\u00eda Grande.<\/p>\n\n\n\n<p>Esa escuela de gesti\u00f3n privada crecer\u00eda hasta incorporar la educaci\u00f3n terciaria en 1985 con el Profesorado de Ense\u00f1anza Primaria.<\/p>\n\n\n\n<p>Durante muchos a\u00f1os la Formaci\u00f3n Docente constituir\u00eda&nbsp;el Nivel Superior del Instituto Secundario&nbsp;Mar\u00eda Grande D-34, que a su vez contaba con el Nivel Secundario que diera origen al establecimiento.<\/p>\n\n\n\n<p>\u200bhttps:\/\/static.parastorage.com\/services\/editor-elements\/dist\/9056a910bca5f62fcaf7fa9e54750608.html?defaultLocation=0&amp;showZoom=true&amp;showStreetView=true&amp;language=es&amp;id=dataItem-j76cs9rh&amp;googleMapsScriptUrl=https%3A%2F%2Fstatic.parastorage.com%2Fservices%2Feditor-elements%2Fdist%2Fgoogle-map.min.js&amp;origin=https%3A%2F%2Finstsupmariagrande.wixsite.com<\/p>\n\n\n\n<h6 class=\"wp-block-heading\"><strong>Algo m\u00e1s de&nbsp;historia<\/strong><\/h6>\n\n\n\n<figure class=\"wp-block-image is-style-default\"><img decoding=\"async\" src=\"https:\/\/static.wixstatic.com\/media\/16d62a_615c5ff27f5f4d5d9a359ef8cdef2326~mv2.jpg\/v1\/fill\/w_141,h_144,al_c,q_80,usm_0.66_1.00_0.01,enc_auto\/16d62a_615c5ff27f5f4d5d9a359ef8cdef2326~mv2.jpg\" alt=\"\"\/><\/figure>\n\n\n\n<p class=\"has-text-align-left\">Los cambios en pol\u00edtica educativa fueron modificando las entidades de las cuales depend\u00edan&nbsp;las instituciones.<\/p>\n\n\n\n<p class=\"has-text-align-left\">Desde&nbsp;sus inicios y hasta 1995&nbsp;&nbsp;el Instituto Secundario Mar\u00eda Grande D-34 se hall\u00f3 bajo el radio de acci\u00f3n de la&nbsp;Superintendencia Nacional de Educaci\u00f3n Privada en el \u00e1mbito del Ministerio de Educaci\u00f3n, pero a partir de la fecha mencionada este organismo se disolvi\u00f3 y fue&nbsp;reemplazado en sus funciones por las Direcciones Provinciales de Educaci\u00f3n de Gesti\u00f3n Privada, dado que se realiz\u00f3 una masiva transferencia de escuelas del \u00e1mbito nacional al provincial.<\/p>\n\n\n\n<p class=\"has-text-align-left\">Sin embargo, a\u00fan pasar\u00edan muchos a\u00f1os hasta que el Nivel Superior se transformase en una instituci\u00f3n aut\u00f3noma con nombre propio, ya que reci\u00e9n en el&nbsp;a\u00f1o 2012 se produjo el nacimiento del&nbsp;Instituto Superior Mar\u00eda Grande D-228.<\/p>\n\n\n\n<p class=\"has-text-align-left\">A\u00fan as\u00ed, siempre ser\u00e1&nbsp;la instituci\u00f3n hermana del Instituto Secundario, este fue&nbsp;su cuna de origen que cobij\u00f3 su accionar en la educaci\u00f3n durante 27 a\u00f1os, y ambos comparten la gesti\u00f3n administrativa de la entidad patronal: la Asociaci\u00f3n Instituto Secundario Mar\u00eda Grande.&nbsp;<\/p>\n","protected":false},"excerpt":{"rendered":"<p>Nuestros or\u00edgenes El Instituto Mar\u00eda Grande nace\u00a0el 4 de mayo de 1956 como instituci\u00f3n de Nivel Secundario respondiendo a\u00a0las necesidades de la poblaci\u00f3n estudiantil de la ciudad, y a partir de la iniciativa de un grupo de padres y vecinos de Mar\u00eda Grande. Esa escuela de gesti\u00f3n privada crecer\u00eda hasta incorporar la educaci\u00f3n terciaria en &#8230; <a title=\"El Instituto\" class=\"read-more\" href=\"https:\/\/ismgd228-ers.infd.edu.ar\/sitio\/institucional\/\" aria-label=\"More on El Instituto\">[+]<\/a><\/p>\n","protected":false},"author":6,"featured_media":0,"parent":0,"menu_order":0,"comment_status":"closed","ping_status":"closed","template":"","meta":[],"acf":[],"_links":{"self":[{"href":"https:\/\/ismgd228-ers.infd.edu.ar\/sitio\/wp-json\/wp\/v2\/pages\/683"}],"collection":[{"href":"https:\/\/ismgd228-ers.infd.edu.ar\/sitio\/wp-json\/wp\/v2\/pages"}],"about":[{"href":"https:\/\/ismgd228-ers.infd.edu.ar\/sitio\/wp-json\/wp\/v2\/types\/page"}],"author":[{"embeddable":true,"href":"https:\/\/ismgd228-ers.infd.edu.ar\/sitio\/wp-json\/wp\/v2\/users\/6"}],"replies":[{"embeddable":true,"href":"https:\/\/ismgd228-ers.infd.edu.ar\/sitio\/wp-json\/wp\/v2\/comments?post=683"}],"version-history":[{"count":7,"href":"https:\/\/ismgd228-ers.infd.edu.ar\/sitio\/wp-json\/wp\/v2\/pages\/683\/revisions"}],"predecessor-version":[{"id":1171,"href":"https:\/\/ismgd228-ers.infd.edu.ar\/sitio\/wp-json\/wp\/v2\/pages\/683\/revisions\/1171"}],"wp:attachment":[{"href":"https:\/\/ismgd228-ers.infd.edu.ar\/sitio\/wp-json\/wp\/v2\/media?parent=683"}],"curies":[{"name":"wp","href":"https:\/\/api.w.org\/{rel}","templated":true}]}}